{"id":7,"date":"2016-10-07T10:09:18","date_gmt":"2016-10-07T08:09:18","guid":{"rendered":"http:\/\/perinatologia.umed.pl\/?page_id=7"},"modified":"2026-02-06T10:35:54","modified_gmt":"2026-02-06T09:35:54","slug":"strona-glowna","status":"publish","type":"page","link":"https:\/\/perinatologia.umed.pl\/","title":{"rendered":"Strona g\u0142\u00f3wna"},"content":{"rendered":"<div class=\"wp-block-image\">\n<figure class=\"aligncenter size-large\"><img loading=\"lazy\" decoding=\"async\" width=\"1024\" height=\"768\" src=\"https:\/\/perinatologia.umed.pl\/wp-content\/uploads\/2016\/10\/IMG_2530-1024x768.jpg\" alt=\"\" class=\"wp-image-733\" srcset=\"https:\/\/perinatologia.umed.pl\/wp-content\/uploads\/2016\/10\/IMG_2530-1024x768.jpg 1024w, https:\/\/perinatologia.umed.pl\/wp-content\/uploads\/2016\/10\/IMG_2530-300x225.jpg 300w, https:\/\/perinatologia.umed.pl\/wp-content\/uploads\/2016\/10\/IMG_2530-768x576.jpg 768w, https:\/\/perinatologia.umed.pl\/wp-content\/uploads\/2016\/10\/IMG_2530-1536x1152.jpg 1536w, https:\/\/perinatologia.umed.pl\/wp-content\/uploads\/2016\/10\/IMG_2530-2048x1536.jpg 2048w, https:\/\/perinatologia.umed.pl\/wp-content\/uploads\/2016\/10\/IMG_2530-600x450.jpg 600w, https:\/\/perinatologia.umed.pl\/wp-content\/uploads\/2016\/10\/IMG_2530-1140x855.jpg 1140w, https:\/\/perinatologia.umed.pl\/wp-content\/uploads\/2016\/10\/IMG_2530-560x420.jpg 560w\" sizes=\"auto, (max-width: 1024px) 100vw, 1024px\" \/><\/figure>\n<\/div>\n\n\n<p><\/p>\n\n\n\n<p><\/p>\n\n\n\n<p><\/p>\n\n\n<ul class=\"wp-block-latest-posts__list has-dates aligncenter wp-block-latest-posts\"><li><a class=\"wp-block-latest-posts__post-title\" href=\"https:\/\/perinatologia.umed.pl\/index.php\/2026\/02\/06\/podrecznik-pod-redakcja-naukowa-prof-j-kalinki\/\">Podr\u0119cznik pod redakcj\u0105 naukow\u0105 prof. J. Kalinki<\/a><time datetime=\"2026-02-06T10:35:21+01:00\" class=\"wp-block-latest-posts__post-date\">6 lutego 2026<\/time><div class=\"wp-block-latest-posts__post-excerpt\">Podr\u0119cznik pod redakcj\u0105 naukow\u0105 prof. J. Kalinki &#8211; &#8222;Por\u00f3d przedwczesny &#8211; nowoczesna diagnostyka i terapia&#8221; dotycz\u0105cy porodu przedwczesnego wkr\u00f3tce w\u2026 <a class=\"wp-block-latest-posts__read-more\" href=\"https:\/\/perinatologia.umed.pl\/index.php\/2026\/02\/06\/podrecznik-pod-redakcja-naukowa-prof-j-kalinki\/\" rel=\"noopener noreferrer\">Dowiedz si\u0119 wi\u0119cej<span class=\"screen-reader-text\">: Podr\u0119cznik pod redakcj\u0105 naukow\u0105 prof. J. Kalinki<\/span><\/a><\/div><\/li>\n<li><a class=\"wp-block-latest-posts__post-title\" href=\"https:\/\/perinatologia.umed.pl\/index.php\/2026\/02\/06\/prof-kalinka-wice-dyrektorem-prebic-preterm-birth-international-collaborative-usa\/\">Prof. J. Kalinka wice dyrektorem PREBIC (Preterm Birth International Collaborative, USA)<\/a><time datetime=\"2026-02-06T10:32:59+01:00\" class=\"wp-block-latest-posts__post-date\">6 lutego 2026<\/time><div class=\"wp-block-latest-posts__post-excerpt\">Mi\u0142o nam poinformowa\u0107, \u017ce profesor J. Kalinka zosta\u0142 ponownie wybrany wice prezydentem mi\u0119dzynarodowej organizacji zajmuj\u0105cej si\u0119 porodem przedwczesnym. https:\/\/www.prebicglobal.org\/morocco-2026.php<\/div><\/li>\n<li><a class=\"wp-block-latest-posts__post-title\" href=\"https:\/\/perinatologia.umed.pl\/index.php\/2026\/01\/21\/klinika-perinatologii-um-w-nowym-miejscu\/\">Klinika Perinatologii UM w nowym miejscu !<\/a><time datetime=\"2026-01-21T11:54:20+01:00\" class=\"wp-block-latest-posts__post-date\">21 stycznia 2026<\/time><div class=\"wp-block-latest-posts__post-excerpt\">Szanowni Studenci, Pragniemy poinformowa\u0107, \u017ce zaj\u0119cia z Perinatologii odbywaj\u0105 si\u0119 aktualnie w nowym miejscu &#8211; Centrum Kliniczno- Dydaktyczne Uniwersytetu Medycznego\u2026 <a class=\"wp-block-latest-posts__read-more\" href=\"https:\/\/perinatologia.umed.pl\/index.php\/2026\/01\/21\/klinika-perinatologii-um-w-nowym-miejscu\/\" rel=\"noopener noreferrer\">Dowiedz si\u0119 wi\u0119cej<span class=\"screen-reader-text\">: Klinika Perinatologii UM w nowym miejscu !<\/span><\/a><\/div><\/li>\n<li><a class=\"wp-block-latest-posts__post-title\" href=\"https:\/\/perinatologia.umed.pl\/index.php\/2016\/10\/07\/witaj-swiecie\/\">Witamy serdecznie na stronie Kliniki Perinatologii I Katedry Ginekologii i Po\u0142o\u017cnictwa Uniwersytetu Medycznego w \u0141odzi !<\/a><time datetime=\"2016-10-07T09:28:33+02:00\" class=\"wp-block-latest-posts__post-date\">7 pa\u017adziernika 2016<\/time><div class=\"wp-block-latest-posts__post-excerpt\">Serdecznie witamy na stronie internetowej Kliniki Perinatologii I Katedry Ginekologii i Po\u0142o\u017cnictwa Uniwersytetu Medycznego w \u0141odzi Zapraszamy do zapoznawania si\u0119\u2026 <a class=\"wp-block-latest-posts__read-more\" href=\"https:\/\/perinatologia.umed.pl\/index.php\/2016\/10\/07\/witaj-swiecie\/\" rel=\"noopener noreferrer\">Dowiedz si\u0119 wi\u0119cej<span class=\"screen-reader-text\">: Witamy serdecznie na stronie Kliniki Perinatologii I Katedry Ginekologii i Po\u0142o\u017cnictwa Uniwersytetu Medycznego w \u0141odzi !<\/span><\/a><\/div><\/li>\n<\/ul>","protected":false},"excerpt":{"rendered":"","protected":false},"author":1,"featured_media":0,"parent":0,"menu_order":0,"comment_status":"closed","ping_status":"closed","template":"template-sections.php","meta":{"footnotes":""},"class_list":["post-7","page","type-page","status-publish","hentry"],"_links":{"self":[{"href":"https:\/\/perinatologia.umed.pl\/index.php\/wp-json\/wp\/v2\/pages\/7","targetHints":{"allow":["GET"]}}],"collection":[{"href":"https:\/\/perinatologia.umed.pl\/index.php\/wp-json\/wp\/v2\/pages"}],"about":[{"href":"https:\/\/perinatologia.umed.pl\/index.php\/wp-json\/wp\/v2\/types\/page"}],"author":[{"embeddable":true,"href":"https:\/\/perinatologia.umed.pl\/index.php\/wp-json\/wp\/v2\/users\/1"}],"replies":[{"embeddable":true,"href":"https:\/\/perinatologia.umed.pl\/index.php\/wp-json\/wp\/v2\/comments?post=7"}],"version-history":[{"count":23,"href":"https:\/\/perinatologia.umed.pl\/index.php\/wp-json\/wp\/v2\/pages\/7\/revisions"}],"predecessor-version":[{"id":805,"href":"https:\/\/perinatologia.umed.pl\/index.php\/wp-json\/wp\/v2\/pages\/7\/revisions\/805"}],"wp:attachment":[{"href":"https:\/\/perinatologia.umed.pl\/index.php\/wp-json\/wp\/v2\/media?parent=7"}],"curies":[{"name":"wp","href":"https:\/\/api.w.org\/{rel}","templated":true}]}}