{"id":45,"date":"2016-10-11T16:26:34","date_gmt":"2016-10-11T14:26:34","guid":{"rendered":"http:\/\/perinatologia.umed.pl\/?page_id=45"},"modified":"2026-01-21T13:39:50","modified_gmt":"2026-01-21T12:39:50","slug":"kontakt","status":"publish","type":"page","link":"https:\/\/perinatologia.umed.pl\/index.php\/kontakt\/","title":{"rendered":"Kontakt"},"content":{"rendered":"<p><img loading=\"lazy\" decoding=\"async\" class=\"alignnone size-medium wp-image-729 aligncenter\" src=\"https:\/\/perinatologia.umed.pl\/wp-content\/uploads\/2016\/10\/IMG_2183-300x225.jpg\" alt=\"\" width=\"300\" height=\"225\" srcset=\"https:\/\/perinatologia.umed.pl\/wp-content\/uploads\/2016\/10\/IMG_2183-300x225.jpg 300w, https:\/\/perinatologia.umed.pl\/wp-content\/uploads\/2016\/10\/IMG_2183-1024x768.jpg 1024w, https:\/\/perinatologia.umed.pl\/wp-content\/uploads\/2016\/10\/IMG_2183-768x576.jpg 768w, https:\/\/perinatologia.umed.pl\/wp-content\/uploads\/2016\/10\/IMG_2183-1536x1152.jpg 1536w, https:\/\/perinatologia.umed.pl\/wp-content\/uploads\/2016\/10\/IMG_2183-2048x1536.jpg 2048w, https:\/\/perinatologia.umed.pl\/wp-content\/uploads\/2016\/10\/IMG_2183-600x450.jpg 600w, https:\/\/perinatologia.umed.pl\/wp-content\/uploads\/2016\/10\/IMG_2183-1140x855.jpg 1140w, https:\/\/perinatologia.umed.pl\/wp-content\/uploads\/2016\/10\/IMG_2183-560x420.jpg 560w\" sizes=\"auto, (max-width: 300px) 100vw, 300px\" \/><\/p>\n<p>Centralny Szpital Kliniczny Uniwersytetu Medycznego w \u0141odzi<\/p>\n<p>ul. Pomorska 251<br \/>\n92-213 \u0141\u00f3d\u017a<\/p>\n<p>16 pi\u0119tro, wej\u015bcie B, budynek A1<\/p>\n<p>tel.: 42 279 24 15<\/p>\n<p>jaroslaw.kalinka@umed.lodz.pl<\/p>\n<p>&nbsp;<\/p>\n<p>Media o nas<\/p>\n<p>&nbsp;<\/p>\n<p>Przydatne linki<\/p>\n<p><a href=\"http:\/\/www.umed.pl\"><strong>Strona Uniwersytetu Medycznego w \u0141odzi<\/strong><\/a><\/p>\n<p><strong><a href=\"https:\/\/wu.umed.lodz.pl\/\">Wirtualna Uczelnia<\/a><\/strong><\/p>\n<p><strong><a href=\"http:\/\/lekarski.umed.pl\/\">Strona www Dziekanatu Wydzia\u0142u Lekarskiego<\/a><\/strong><\/p>\n<p><strong><a href=\"https:\/\/csk.umed.pl\/\">Strona Centralnego Szpitala Klinicznego UM w \u0141odzi<\/a><\/strong><\/p>\n","protected":false},"excerpt":{"rendered":"<p>Centralny Szpital Kliniczny Uniwersytetu Medycznego w \u0141odzi ul. Pomorska 251 92-213 \u0141\u00f3d\u017a 16 pi\u0119tro, wej\u015bcie B, budynek A1 tel.: 42 [&hellip;]<\/p>\n","protected":false},"author":2,"featured_media":0,"parent":0,"menu_order":0,"comment_status":"closed","ping_status":"closed","template":"","meta":{"footnotes":""},"class_list":["post-45","page","type-page","status-publish","hentry"],"_links":{"self":[{"href":"https:\/\/perinatologia.umed.pl\/index.php\/wp-json\/wp\/v2\/pages\/45","targetHints":{"allow":["GET"]}}],"collection":[{"href":"https:\/\/perinatologia.umed.pl\/index.php\/wp-json\/wp\/v2\/pages"}],"about":[{"href":"https:\/\/perinatologia.umed.pl\/index.php\/wp-json\/wp\/v2\/types\/page"}],"author":[{"embeddable":true,"href":"https:\/\/perinatologia.umed.pl\/index.php\/wp-json\/wp\/v2\/users\/2"}],"replies":[{"embeddable":true,"href":"https:\/\/perinatologia.umed.pl\/index.php\/wp-json\/wp\/v2\/comments?post=45"}],"version-history":[{"count":34,"href":"https:\/\/perinatologia.umed.pl\/index.php\/wp-json\/wp\/v2\/pages\/45\/revisions"}],"predecessor-version":[{"id":750,"href":"https:\/\/perinatologia.umed.pl\/index.php\/wp-json\/wp\/v2\/pages\/45\/revisions\/750"}],"wp:attachment":[{"href":"https:\/\/perinatologia.umed.pl\/index.php\/wp-json\/wp\/v2\/media?parent=45"}],"curies":[{"name":"wp","href":"https:\/\/api.w.org\/{rel}","templated":true}]}}