{"id":38,"date":"2016-10-11T16:13:54","date_gmt":"2016-10-11T14:13:54","guid":{"rendered":"http:\/\/perinatologia.umed.pl\/?page_id=38"},"modified":"2026-02-04T19:14:08","modified_gmt":"2026-02-04T18:14:08","slug":"dzialalnosc-dydaktyczna","status":"publish","type":"page","link":"https:\/\/perinatologia.umed.pl\/index.php\/dzialalnosc-dydaktyczna\/","title":{"rendered":"Dzia\u0142alno\u015b\u0107 dydaktyczna"},"content":{"rendered":"<p>Szanowni Studenci,<\/p>\n<p>Zamieszczamy dla Pa\u0144stwa prezentacje z seminari\u00f3w Kliniki Perinatologii, \u00a0a tak\u017ce regulamin zaj\u0119\u0107 z Po\u0142o\u017cnictwa i Ginekologii, uprzejmie prosimy o dok\u0142adne zapoznanie si\u0119 z nim !!<\/p>\n<p>Informacje dotycz\u0105ce egzamin\u00f3w praktycznych i ustnych z Po\u0142o\u017cnictwa i Ginekologii odbywaj\u0105cych si\u0119 w naszej Klinice, znajduj\u0105 si\u0119 poni\u017cej<\/p>\n<h2>\u00a0<strong>Regulaminy, terminy wyk\u0142ad\u00f3w:\u00a0<\/strong><\/h2>\n<p>&nbsp;<\/p>\n<p>&nbsp;<\/p>\n<p><a href=\"http:\/\/perinatologia.umed.pl\/wp-content\/uploads\/2016\/10\/wejs\u0301cio\u0301wka-zakres-materia\u0142u.pdf\">Wejs\u0301cio\u0301wka &#8211; zakres materia\u0142u<\/a><\/p>\n<hr \/>\n<p><strong>Prezentacje Kliniki Perinatologii do pobrania :<\/strong><em><strong><br \/>\n<\/strong><\/em><\/p>\n<p><a href=\"http:\/\/perinatologia.umed.pl\/wp-content\/uploads\/2016\/10\/Prezentacja-poro\u0301d-prawid\u0142owy-dla-Studento\u0301w.pdf\">Prezentacja poro\u0301d prawid\u0142owy<\/a><\/p>\n<p><a href=\"http:\/\/perinatologia.umed.pl\/wp-content\/uploads\/2016\/10\/Por\u00f3d-powik\u0142any.pdf\">Por\u00f3d powik\u0142any<\/a><\/p>\n<p><a href=\"http:\/\/perinatologia.umed.pl\/wp-content\/uploads\/2016\/10\/Po\u0142\u00f3g.pdf\">Po\u0142\u00f3g<\/a><\/p>\n<p><a href=\"http:\/\/perinatologia.umed.pl\/wp-content\/uploads\/2016\/10\/Ci\u0105\u017ca-o-przebiegu-prawid\u0142owym-i-opieka-przedporodowa.pdf\">Ci\u0105\u017ca o przebiegu prawid\u0142owym i opieka przedporodowa<\/a><\/p>\n<p><a href=\"http:\/\/perinatologia.umed.pl\/wp-content\/uploads\/2016\/10\/Choroby-w\u0105troby-w-ci\u0105\u017cy.pdf\">Choroby w\u0105troby w ci\u0105\u017cy<\/a><\/p>\n<p><a href=\"http:\/\/perinatologia.umed.pl\/wp-content\/uploads\/2016\/10\/Operacje-po\u0142o\u017cnicze.pdf\">Operacje po\u0142o\u017cnicze<\/a><\/p>\n<p><a href=\"http:\/\/perinatologia.umed.pl\/wp-content\/uploads\/2016\/10\/Cia\u0328z\u0307a-o-przebiegu-prawid\u0142owym-i-opieka-przedporodowa.pdf\">Cia\u0328z\u0307a o przebiegu prawid\u0142owym i opieka przedporodowa<\/a><\/p>\n<h3>EGZAMIN USTNY Z PO\u0141O\u017bNICTWA I GINEKOLOGII &#8211; V ROK WYDZIA\u0141 LEKARSKI<\/h3>\n<p>Uprzejmie prosimy Student\u00f3w grup dzieka\u0144skich maj\u0105cych egzamin ustny z ginekologii i po\u0142o\u017cnictwa u prof. Jaros\u0142awa Kalinki (<strong>grupy 20, 43 oraz 46 )<\/strong>\u00a0o zapisywanie si\u0119 na egzamin telefonicznie w sekretariacie kliniki.<\/p>\n<p>Przypominamy, \u017ce na egzamin mo\u017cna si\u0119 zapisa\u0107 po zaliczonym egzaminie testowym i praktycznym !!<\/p>\n<h4><strong>Sekretariat :<\/strong><\/h4>\n<h4><strong>42 279 24 15<br \/>\n<\/strong><\/h4>\n<p>p. Paulina Drabik<\/p>\n<p>Uprzejmie prosimy Student\u00f3w maj\u0105cych egzamin ustny u ni\u017cej wymienionych os\u00f3b o zapisywanie si\u0119 na niego bezpo\u015brednio u swoich egzaminator\u00f3w<\/p>\n<p><strong>Pozostali egzaminatorzy\u00a0<\/strong><\/p>\n<p><strong>dr Wojciech Kazimierak<\/strong> &#8211; grupy 33, 53, 54, 58<\/p>\n<p><strong>dr Adam Bitner<\/strong> &#8211; grupy 11,34,44,51<\/p>\n<p>&nbsp;<\/p>\n<h3>EGZAMIN PRAKTYCZNY Z PO\u0141O\u017bNICTWA I GINEKOLOGII &#8211; V ROK WYDZIA\u0141 LEKARSKI<\/h3>\n<p>Uprzejmie prosimy Student\u00f3w maj\u0105cych egzamin praktyczny o zapisywanie si\u0119 na niego bezpo\u015brednio u swoich egzaminator\u00f3w<\/p>\n<p><strong>grupy 34,44,58 &#8211; dr Katarzyna Sobczuk<\/strong><\/p>\n<p><strong>grupy 20,43,46\u00a0 &#8211; dr Adrianna \u015aliwi\u0144ska<\/strong><\/p>\n<p>Przypominamy, \u017ce na egzamin mo\u017cna si\u0119 zapisa\u0107 po zaliczonym egzaminie testowym !!<\/p>\n","protected":false},"excerpt":{"rendered":"<p>Szanowni Studenci, Zamieszczamy dla Pa\u0144stwa prezentacje z seminari\u00f3w Kliniki Perinatologii, \u00a0a tak\u017ce regulamin zaj\u0119\u0107 z Po\u0142o\u017cnictwa i Ginekologii, uprzejmie prosimy [&hellip;]<\/p>\n","protected":false},"author":2,"featured_media":0,"parent":0,"menu_order":0,"comment_status":"closed","ping_status":"closed","template":"","meta":{"footnotes":""},"class_list":["post-38","page","type-page","status-publish","hentry"],"_links":{"self":[{"href":"https:\/\/perinatologia.umed.pl\/index.php\/wp-json\/wp\/v2\/pages\/38","targetHints":{"allow":["GET"]}}],"collection":[{"href":"https:\/\/perinatologia.umed.pl\/index.php\/wp-json\/wp\/v2\/pages"}],"about":[{"href":"https:\/\/perinatologia.umed.pl\/index.php\/wp-json\/wp\/v2\/types\/page"}],"author":[{"embeddable":true,"href":"https:\/\/perinatologia.umed.pl\/index.php\/wp-json\/wp\/v2\/users\/2"}],"replies":[{"embeddable":true,"href":"https:\/\/perinatologia.umed.pl\/index.php\/wp-json\/wp\/v2\/comments?post=38"}],"version-history":[{"count":37,"href":"https:\/\/perinatologia.umed.pl\/index.php\/wp-json\/wp\/v2\/pages\/38\/revisions"}],"predecessor-version":[{"id":745,"href":"https:\/\/perinatologia.umed.pl\/index.php\/wp-json\/wp\/v2\/pages\/38\/revisions\/745"}],"wp:attachment":[{"href":"https:\/\/perinatologia.umed.pl\/index.php\/wp-json\/wp\/v2\/media?parent=38"}],"curies":[{"name":"wp","href":"https:\/\/api.w.org\/{rel}","templated":true}]}}