{"id":292,"date":"2016-11-17T14:49:29","date_gmt":"2016-11-17T13:49:29","guid":{"rendered":"http:\/\/perinatologia.umed.pl\/?page_id=292"},"modified":"2026-02-04T19:23:13","modified_gmt":"2026-02-04T18:23:13","slug":"ciekawostki","status":"publish","type":"page","link":"https:\/\/perinatologia.umed.pl\/index.php\/ciekawostki\/","title":{"rendered":"Rekomendacje po\u0142o\u017cnicze"},"content":{"rendered":"\n<p><strong>Poni\u017cej zamieszczamy niekt\u00f3re aktualne rekomendacje wydane przez Polskie Towarzystwo Ginekolog\u00f3w i Po\u0142o\u017cnik\u00f3w<\/strong><\/p>\n","protected":false},"excerpt":{"rendered":"<p>Poni\u017cej zamieszczamy niekt\u00f3re aktualne rekomendacje wydane przez Polskie Towarzystwo Ginekolog\u00f3w i Po\u0142o\u017cnik\u00f3w<\/p>\n","protected":false},"author":1,"featured_media":0,"parent":0,"menu_order":0,"comment_status":"closed","ping_status":"closed","template":"","meta":{"footnotes":""},"class_list":["post-292","page","type-page","status-publish","hentry"],"_links":{"self":[{"href":"https:\/\/perinatologia.umed.pl\/index.php\/wp-json\/wp\/v2\/pages\/292","targetHints":{"allow":["GET"]}}],"collection":[{"href":"https:\/\/perinatologia.umed.pl\/index.php\/wp-json\/wp\/v2\/pages"}],"about":[{"href":"https:\/\/perinatologia.umed.pl\/index.php\/wp-json\/wp\/v2\/types\/page"}],"author":[{"embeddable":true,"href":"https:\/\/perinatologia.umed.pl\/index.php\/wp-json\/wp\/v2\/users\/1"}],"replies":[{"embeddable":true,"href":"https:\/\/perinatologia.umed.pl\/index.php\/wp-json\/wp\/v2\/comments?post=292"}],"version-history":[{"count":16,"href":"https:\/\/perinatologia.umed.pl\/index.php\/wp-json\/wp\/v2\/pages\/292\/revisions"}],"predecessor-version":[{"id":794,"href":"https:\/\/perinatologia.umed.pl\/index.php\/wp-json\/wp\/v2\/pages\/292\/revisions\/794"}],"wp:attachment":[{"href":"https:\/\/perinatologia.umed.pl\/index.php\/wp-json\/wp\/v2\/media?parent=292"}],"curies":[{"name":"wp","href":"https:\/\/api.w.org\/{rel}","templated":true}]}}